{"id":145,"date":"2024-10-02T15:36:52","date_gmt":"2024-10-02T13:36:52","guid":{"rendered":"https:\/\/musee.chinemontargis.fr\/?page_id=145"},"modified":"2024-10-02T17:33:30","modified_gmt":"2024-10-02T15:33:30","slug":"a-propos-de-nous","status":"publish","type":"page","link":"https:\/\/musee.chinemontargis.fr\/index.php\/a-propos-de-nous\/","title":{"rendered":"\u00c0 propos de nous"},"content":{"rendered":"\n<p>Le Mus\u00e9e Historique de l\u2019Amiti\u00e9 Franco-Chinoise en France est situ\u00e9 au 15, rue Raymond Tellier \u00e0 Montargis. C\u2019est un ancien b\u00e2timent qui a une histoire de plus de 300 ans. Le gouvernement populaire de la Province du Hunan l\u2019a achet\u00e9 en juin 2015. La r\u00e9novation de l\u2019immeuble et la sc\u00e9nographie de l\u2019exposition achev\u00e9es, l\u2019inauguration officielle a lieu le 27 ao\u00fbt 2016.<\/p>\n\n\n\n<p>Le mus\u00e9e est ouvert au public. La partie principale de ce mus\u00e9e comprend trois \u00e9tages et un grenier ; la surface au sol est de 173 m\u00b2 et la surface totale est de 421 m\u00b2, dont 320 m\u00b2 r\u00e9serv\u00e9s pour l\u2019exposition.<\/p>\n\n\n\n<p>L\u2019exposition comprend 4 parties : L\u2019appel du temps \u2013 La recherche de la v\u00e9rit\u00e9 \u2013 Les piliers de l\u2019orient \u2013 L\u2019amiti\u00e9 \u00e9ternelle. Elle raconte et explique, l\u2019histoire du mouvement des \u00e9tudiants-travailleurs chinois en France dans les ann\u00e9es 1920, tout en mettant l\u2019accent sur les activit\u00e9s \u00e0 Montargis des \u00e9tudiants originaires du Hunan. En tant que site culturel de service public, ce mus\u00e9e ouvre une fen\u00eatre d\u2019histoire: de culture, d\u2019amiti\u00e9 et de compr\u00e9hension mutuelle. Il peut certainement contribuer \u00e0 promouvoir les \u00e9changes culturels et amicaux entre la Chine et la France.<\/p>\n\n\n\n<p><em>Vous pouvez cliquer sur ce lien pour t\u00e9l\u00e9charger la version PDF du guide du mus\u00e9e (taille : 10 Mo) : <\/em><a href=\"https:\/\/musee.chinemontargis.fr\/wp-content\/uploads\/2024\/10\/musee.pdf\">musee:\/\/chinemontargis.fr\/guide-musee.pdf<\/a><\/p>\n\n\n\n<figure class=\"wp-block-image aligncenter size-large\"><img loading=\"lazy\" decoding=\"async\" width=\"705\" height=\"1024\" src=\"https:\/\/musee.chinemontargis.fr\/wp-content\/uploads\/2024\/10\/image-705x1024.png\" alt=\"\" class=\"wp-image-164\" srcset=\"https:\/\/musee.chinemontargis.fr\/wp-content\/uploads\/2024\/10\/image-705x1024.png 705w, https:\/\/musee.chinemontargis.fr\/wp-content\/uploads\/2024\/10\/image-207x300.png 207w, https:\/\/musee.chinemontargis.fr\/wp-content\/uploads\/2024\/10\/image-768x1116.png 768w, https:\/\/musee.chinemontargis.fr\/wp-content\/uploads\/2024\/10\/image.png 1012w\" sizes=\"(max-width: 705px) 100vw, 705px\" \/><\/figure>\n\n\n\n<figure class=\"wp-block-image aligncenter size-large\"><img loading=\"lazy\" decoding=\"async\" width=\"720\" height=\"1024\" src=\"https:\/\/musee.chinemontargis.fr\/wp-content\/uploads\/2024\/10\/image-1-720x1024.png\" alt=\"\" class=\"wp-image-165\" srcset=\"https:\/\/musee.chinemontargis.fr\/wp-content\/uploads\/2024\/10\/image-1-720x1024.png 720w, https:\/\/musee.chinemontargis.fr\/wp-content\/uploads\/2024\/10\/image-1-211x300.png 211w, https:\/\/musee.chinemontargis.fr\/wp-content\/uploads\/2024\/10\/image-1-768x1092.png 768w, https:\/\/musee.chinemontargis.fr\/wp-content\/uploads\/2024\/10\/image-1.png 1038w\" sizes=\"(max-width: 720px) 100vw, 720px\" \/><\/figure>\n\n\n\n<figure class=\"wp-block-image aligncenter size-large\"><img loading=\"lazy\" decoding=\"async\" width=\"695\" height=\"1024\" src=\"https:\/\/musee.chinemontargis.fr\/wp-content\/uploads\/2024\/10\/image-2-695x1024.png\" alt=\"\" class=\"wp-image-167\" srcset=\"https:\/\/musee.chinemontargis.fr\/wp-content\/uploads\/2024\/10\/image-2-695x1024.png 695w, https:\/\/musee.chinemontargis.fr\/wp-content\/uploads\/2024\/10\/image-2-204x300.png 204w, https:\/\/musee.chinemontargis.fr\/wp-content\/uploads\/2024\/10\/image-2-768x1132.png 768w, https:\/\/musee.chinemontargis.fr\/wp-content\/uploads\/2024\/10\/image-2.png 1000w\" sizes=\"(max-width: 695px) 100vw, 695px\" \/><\/figure>\n\n\n\n<figure class=\"wp-block-image aligncenter size-large\"><img loading=\"lazy\" decoding=\"async\" width=\"720\" height=\"1024\" src=\"https:\/\/musee.chinemontargis.fr\/wp-content\/uploads\/2024\/10\/image-3-720x1024.png\" alt=\"\" class=\"wp-image-168\" srcset=\"https:\/\/musee.chinemontargis.fr\/wp-content\/uploads\/2024\/10\/image-3-720x1024.png 720w, https:\/\/musee.chinemontargis.fr\/wp-content\/uploads\/2024\/10\/image-3-211x300.png 211w, https:\/\/musee.chinemontargis.fr\/wp-content\/uploads\/2024\/10\/image-3-768x1093.png 768w, https:\/\/musee.chinemontargis.fr\/wp-content\/uploads\/2024\/10\/image-3.png 1036w\" sizes=\"(max-width: 720px) 100vw, 720px\" \/><\/figure>\n\n\n\n<figure class=\"wp-block-image aligncenter size-large\"><img loading=\"lazy\" decoding=\"async\" width=\"716\" height=\"1024\" src=\"https:\/\/musee.chinemontargis.fr\/wp-content\/uploads\/2024\/10\/image-4-716x1024.png\" alt=\"\" class=\"wp-image-169\" srcset=\"https:\/\/musee.chinemontargis.fr\/wp-content\/uploads\/2024\/10\/image-4-716x1024.png 716w, https:\/\/musee.chinemontargis.fr\/wp-content\/uploads\/2024\/10\/image-4-210x300.png 210w, https:\/\/musee.chinemontargis.fr\/wp-content\/uploads\/2024\/10\/image-4-768x1099.png 768w, https:\/\/musee.chinemontargis.fr\/wp-content\/uploads\/2024\/10\/image-4.png 1030w\" sizes=\"(max-width: 716px) 100vw, 716px\" \/><\/figure>\n\n\n\n<figure class=\"wp-block-image aligncenter size-large\"><img loading=\"lazy\" decoding=\"async\" width=\"713\" height=\"1024\" src=\"https:\/\/musee.chinemontargis.fr\/wp-content\/uploads\/2024\/10\/image-5-713x1024.png\" alt=\"\" class=\"wp-image-170\" srcset=\"https:\/\/musee.chinemontargis.fr\/wp-content\/uploads\/2024\/10\/image-5-713x1024.png 713w, https:\/\/musee.chinemontargis.fr\/wp-content\/uploads\/2024\/10\/image-5-209x300.png 209w, https:\/\/musee.chinemontargis.fr\/wp-content\/uploads\/2024\/10\/image-5-768x1103.png 768w, https:\/\/musee.chinemontargis.fr\/wp-content\/uploads\/2024\/10\/image-5.png 1026w\" sizes=\"(max-width: 713px) 100vw, 713px\" \/><\/figure>\n\n\n\n<figure class=\"wp-block-image aligncenter size-large\"><img loading=\"lazy\" decoding=\"async\" width=\"1024\" height=\"712\" src=\"https:\/\/musee.chinemontargis.fr\/wp-content\/uploads\/2024\/10\/image-6-1024x712.png\" alt=\"\" class=\"wp-image-171\" srcset=\"https:\/\/musee.chinemontargis.fr\/wp-content\/uploads\/2024\/10\/image-6-1024x712.png 1024w, https:\/\/musee.chinemontargis.fr\/wp-content\/uploads\/2024\/10\/image-6-300x209.png 300w, https:\/\/musee.chinemontargis.fr\/wp-content\/uploads\/2024\/10\/image-6-768x534.png 768w, https:\/\/musee.chinemontargis.fr\/wp-content\/uploads\/2024\/10\/image-6-1536x1068.png 1536w, https:\/\/musee.chinemontargis.fr\/wp-content\/uploads\/2024\/10\/image-6-2048x1424.png 2048w\" sizes=\"(max-width: 1024px) 100vw, 1024px\" \/><\/figure>\n\n\n\n<p><\/p>\n","protected":false},"excerpt":{"rendered":"<p>Le Mus\u00e9e Historique de l\u2019Amiti\u00e9 Franco-Chinoise en France est situ\u00e9 au 15, rue Raymond Tellier \u00e0 Montargis. C\u2019est un ancien b\u00e2timent qui a une histoire de plus de 300 ans. Le gouvernement populaire de la Province du Hunan l\u2019a achet\u00e9 en juin 2015. La r\u00e9novation de l\u2019immeuble et la sc\u00e9nographie de l\u2019exposition achev\u00e9es, l\u2019inauguration officielle [&hellip;]<\/p>\n","protected":false},"author":1,"featured_media":0,"parent":0,"menu_order":0,"comment_status":"closed","ping_status":"closed","template":"","meta":{"footnotes":""},"class_list":["post-145","page","type-page","status-publish","hentry"],"_links":{"self":[{"href":"https:\/\/musee.chinemontargis.fr\/index.php\/wp-json\/wp\/v2\/pages\/145"}],"collection":[{"href":"https:\/\/musee.chinemontargis.fr\/index.php\/wp-json\/wp\/v2\/pages"}],"about":[{"href":"https:\/\/musee.chinemontargis.fr\/index.php\/wp-json\/wp\/v2\/types\/page"}],"author":[{"embeddable":true,"href":"https:\/\/musee.chinemontargis.fr\/index.php\/wp-json\/wp\/v2\/users\/1"}],"replies":[{"embeddable":true,"href":"https:\/\/musee.chinemontargis.fr\/index.php\/wp-json\/wp\/v2\/comments?post=145"}],"version-history":[{"count":5,"href":"https:\/\/musee.chinemontargis.fr\/index.php\/wp-json\/wp\/v2\/pages\/145\/revisions"}],"predecessor-version":[{"id":178,"href":"https:\/\/musee.chinemontargis.fr\/index.php\/wp-json\/wp\/v2\/pages\/145\/revisions\/178"}],"wp:attachment":[{"href":"https:\/\/musee.chinemontargis.fr\/index.php\/wp-json\/wp\/v2\/media?parent=145"}],"curies":[{"name":"wp","href":"https:\/\/api.w.org\/{rel}","templated":true}]}}